{"id":10661,"date":"2018-09-19T12:55:40","date_gmt":"2018-09-19T11:55:40","guid":{"rendered":"https:\/\/ecohemp.it\/eigenschaften-des-cbd\/"},"modified":"2023-07-21T14:00:38","modified_gmt":"2023-07-21T13:00:38","slug":"eigenschaften-des-cbd","status":"publish","type":"page","link":"https:\/\/ecohemp.it\/de\/eigenschaften-des-cbd\/","title":{"rendered":"Eigenschaften des CBD"},"content":{"rendered":"\n\n  <div class=\"banner has-hover titolo-banner\" id=\"banner-1914564124\">\n          <div class=\"banner-inner fill\">\n        <div class=\"banner-bg fill\" >\n            <img loading=\"lazy\" decoding=\"async\" width=\"1920\" height=\"800\" src=\"https:\/\/ecohemp.it\/wp-content\/uploads\/2018\/11\/benefici-cannabidiolo-cristalli-cbd-con-ecohemp.jpg\" class=\"bg attachment-original size-original\" alt=\"\" \/>                        <div class=\"overlay\"><\/div>            \n                    <\/div>\n\t\t\n        <div class=\"banner-layers container\">\n            <div class=\"fill banner-link\"><\/div>            \n\n   <div id=\"text-box-899717204\" class=\"text-box banner-layer x0 md-x0 lg-x0 y40 md-y40 lg-y40 res-text\">\n                                <div class=\"text-box-content text dark\">\n              \n              <div class=\"text-inner text-left\">\n                  \n\n<h2 class=\"uppercase\"><strong>CBD-Kristalle,<br \/>Eigenschaften und Vorteile<\/strong><\/h2>\n<p data-show=\"hide-for-small\">Wir w\u00e4hlen und z\u00fcchten mit CBD Genetics die besten Sorten, die f\u00fcr unser Gebiet geeignet sind, um Extrakte mit einem hohen Gehalt an CBD, CBG, Terpenen und Phytokomplex herzustellen.<\/p>\n\n              <\/div>\n           <\/div>\n                            \n<style>\n#text-box-899717204 .text-inner {\n  padding: 0px 0px 0px 15px;\n}\n#text-box-899717204 {\n  width: 100%;\n}\n#text-box-899717204 .text-box-content {\n  font-size: 100%;\n}\n@media (min-width:550px) {\n  #text-box-899717204 {\n    width: 60%;\n  }\n}\n@media (min-width:850px) {\n  #text-box-899717204 {\n    width: 40%;\n  }\n}\n<\/style>\n    <\/div>\n \n\n        <\/div>\n      <\/div>\n\n            \n<style>\n#banner-1914564124 {\n  padding-top: 80%;\n  background-color: #689c41;\n}\n#banner-1914564124 .overlay {\n  background-color: rgba(0, 0, 0, 0.2);\n}\n#banner-1914564124 .banner-bg img {\n  object-position: 50% 50%;\n}\n@media (min-width:550px) {\n  #banner-1914564124 {\n    padding-top: 680px;\n  }\n}\n<\/style>\n  <\/div>\n\n\n\n\t<section class=\"section show-for-small\" id=\"section_2098946429\">\n\t\t<div class=\"section-bg fill\" >\n\t\t\t\t\t\t\t\t\t\n\t\t\t\n\n\t\t<\/div>\n\n\t\t\n\n\t\t<div class=\"section-content relative\">\n\t\t\t\n\n<div class=\"row\"  id=\"row-188615445\">\n\n\n\t<div id=\"col-1295794298\" class=\"col small-12 large-12\"  >\n\t\t\t\t<div class=\"col-inner text-left\"  >\n\t\t\t\n\t\t\t\n\n<p>Wir w\u00e4hlen und z\u00fcchten mit CBD Genetics die besten Sorten, die f\u00fcr unser Gebiet geeignet sind, um Extrakte mit einem hohen Gehalt an CBD, CBG, Terpenen und Phytokomplex herzustellen.<\/p>\n\n\t\t<\/div>\n\t\t\t\t\n<style>\n#col-1295794298 > .col-inner {\n  padding: 0px 0px -0px 0px;\n  margin: 20px 0px -30px 0px;\n}\n<\/style>\n\t<\/div>\n\n\t\n\n<\/div>\n<div class=\"text-center\"><div class=\"is-divider divider clearfix\" style=\"margin-top:0px;margin-bottom:0px;max-width:40%;height:2px;background-color:rgb(127, 127, 127);\"><\/div><\/div>\n\n\n\t\t<\/div>\n\n\t\t\n<style>\n#section_2098946429 {\n  padding-top: 0px;\n  padding-bottom: 0px;\n}\n@media (min-width:550px) {\n  #section_2098946429 {\n    padding-top: 30px;\n    padding-bottom: 30px;\n  }\n}\n<\/style>\n\t<\/section>\n\t\n\n\t<section class=\"section\" id=\"section_425169278\">\n\t\t<div class=\"section-bg fill\" >\n\t\t\t\t\t\t\t\t\t\n\t\t\t\n\n\t\t<\/div>\n\n\t\t\n\n\t\t<div class=\"section-content relative\">\n\t\t\t\n\n<div class=\"row align-middle\"  id=\"row-1215807595\">\n\n\n\t<div id=\"col-1646964637\" class=\"col medium-5 small-12 large-5\"  >\n\t\t\t\t<div class=\"col-inner text-center\"  >\n\t\t\t\n\t\t\t\n\n\t<div class=\"img has-hover x md-x lg-x y md-y lg-y\" id=\"image_602835704\">\n\t\t\t\t\t\t\t\t<div class=\"img-inner dark\" >\n\t\t\t<img loading=\"lazy\" decoding=\"async\" width=\"509\" height=\"630\" src=\"https:\/\/ecohemp.it\/wp-content\/uploads\/2018\/10\/cannabidiolo-propriet\u00e0-benefici-cbd-ecohemp.png\" class=\"attachment-original size-original\" alt=\"\" srcset=\"https:\/\/ecohemp.it\/wp-content\/uploads\/2018\/10\/cannabidiolo-propriet\u00e0-benefici-cbd-ecohemp.png 509w, https:\/\/ecohemp.it\/wp-content\/uploads\/2018\/10\/cannabidiolo-propriet\u00e0-benefici-cbd-ecohemp-323x400.png 323w\" sizes=\"auto, (max-width: 509px) 100vw, 509px\" \/>\t\t\t\t\t\t\n\t\t\t\t\t<\/div>\n\t\t\t\t\t\t\t\t\n<style>\n#image_602835704 {\n  width: 90%;\n}\n@media (min-width:550px) {\n  #image_602835704 {\n    width: 70%;\n  }\n}\n<\/style>\n\t<\/div>\n\t\n\n\n\t\t<\/div>\n\t\t\t\t\n<style>\n#col-1646964637 > .col-inner {\n  padding: 0 0px 0px 0px;\n  margin: 0 0px 0px 0px;\n}\n<\/style>\n\t<\/div>\n\n\t\n\n\t<div id=\"col-138282437\" class=\"col hide-for-small medium-1 small-12 large-1\"  >\n\t\t\t\t<div class=\"col-inner\"  >\n\t\t\t\n\t\t\t\n\n\n\t\t<\/div>\n\t\t\t\t\t<\/div>\n\n\t\n\n\t<div id=\"col-1980706304\" class=\"col titolo-area medium-6 small-12 large-6 small-col-first\"  >\n\t\t\t\t<div class=\"col-inner\"  >\n\t\t\t\n\t\t\t\n\n<h3 class=\"uppercase\">antikes Wissen<\/h3>\n<h2 class=\"uppercase\">das Potenzial<\/h2>\n<p><strong>CBD<\/strong> oder <strong>Cannabidiol<\/strong> ist ein <strong>nat\u00fcrliches, nicht <u>psychoaktives Molek\u00fcl<\/u>,<\/strong> das aus Cannabis Sativa extrahiert wird. <\/p>\n<p>Das <strong>positive Potenzial<\/strong> von Hanf liegt in den zahlreichen Substanzen, die die Pflanze von Natur aus produziert, darunter Phytocannabinoide (CBD, THC, CBG und CBN sind die bekanntesten), Terpene, Flavonoide und Stilbenoide.<\/p>\n<p>Die hochwertigen, bio-zertifizierten Produkte von Ecohemp stammen aus dem kontrolliert biologischen Anbau von Hanf Sativa L..<\/p>\n\n\t\t<\/div>\n\t\t\t\t\t<\/div>\n\n\t\n\n<\/div>\n\n\t\t<\/div>\n\n\t\t\n<style>\n#section_425169278 {\n  padding-top: 40px;\n  padding-bottom: 40px;\n}\n@media (min-width:550px) {\n  #section_425169278 {\n    padding-top: 40px;\n    padding-bottom: 40px;\n  }\n}\n<\/style>\n\t<\/section>\n\t\n\n\t<section class=\"section dark\" id=\"section_1759065381\">\n\t\t<div class=\"section-bg fill\" >\n\t\t\t\t\t\t\t\t\t\n\t\t\t\n\n\t\t<\/div>\n\n\t\t\n\n\t\t<div class=\"section-content relative\">\n\t\t\t\n\n<div class=\"row align-middle align-center\"  id=\"row-1742433731\">\n\n\n\t<div id=\"col-1966112578\" class=\"col medium-12 small-12 large-12\"  >\n\t\t\t\t<div class=\"col-inner text-center\"  >\n\t\t\t\n\t\t\t\n\n<h2 class=\"uppercase\">Die Natur bietet den Menschen alle Ressourcen<br \/>die sie brauchen<\/h2>\n<h4>Ecohemp\u00ae kultiviert und verarbeitet Hanf mit einer ganzheitlichen Philosophie unter besonderer Ber\u00fccksichtigung der \u00f6kologischen Nachhaltigkeit.<\/h4>\n\t<div id=\"gap-1270133212\" class=\"gap-element clearfix\" style=\"display:block; height:auto;\">\n\t\t\n<style>\n#gap-1270133212 {\n  padding-top: 40px;\n}\n<\/style>\n\t<\/div>\n\t\n\n<a href=\"https:\/\/ecohemp.it\/de\/ecohemp-made-by-nature\/\" class=\"button white is-outline is-large reveal-icon\" >\n\t\t<span>Finde mehr heraus<\/span>\n\t<i class=\"icon-angle-right\" aria-hidden=\"true\"><\/i><\/a>\n\n\n\n\t\t<\/div>\n\t\t\t\t\n<style>\n#col-1966112578 > .col-inner {\n  padding: 0px 0px 0 0px;\n  margin: 0px 0px -30px 0px;\n}\n<\/style>\n\t<\/div>\n\n\t\n\n<\/div>\n\n\t\t<\/div>\n\n\t\t\n<style>\n#section_1759065381 {\n  padding-top: 40px;\n  padding-bottom: 40px;\n  background-color: #689c41;\n}\n<\/style>\n\t<\/section>\n\t\n\n\t<section class=\"section\" id=\"section_1455714465\">\n\t\t<div class=\"section-bg fill\" >\n\t\t\t\t\t\t\t\t\t\n\t\t\t\n\n\t\t<\/div>\n\n\t\t\n\n\t\t<div class=\"section-content relative\">\n\t\t\t\n\n<div class=\"row titolo-icona\"  id=\"row-68090140\">\n\n\n\t<div id=\"col-136141180\" class=\"col small-12 large-12\"  >\n\t\t\t\t<div class=\"col-inner text-center\"  >\n\t\t\t\n\t\t\t\n\n<h2 class=\"uppercase\">DAS WOHLERGEHEN DURCH CBD<\/h2>\n<h3 class=\"uppercase\">UNSERE PRODUKTE<\/h3>\n\n\t\t<\/div>\n\t\t\t\t\t<\/div>\n\n\t\n\n<\/div>\n<div class=\"row row-small align-bottom\"  id=\"row-881122054\">\n\n\n\t<div id=\"col-1161772117\" class=\"col medium-3 small-12 large-3\"  >\n\t\t\t\t<div class=\"col-inner\"  >\n\t\t\t\n\t\t\t\n\n\n\t<a class=\"plain\" href=\"https:\/\/ecohemp.it\/olio-di-cbd-senza-thc\/\" >\t<div class=\"icon-box featured-box icon-box-center text-center\"  >\n\t\t\t\t\t<div class=\"icon-box-img\" style=\"width: 273px\">\n\t\t\t\t<div class=\"icon\">\n\t\t\t\t\t<div class=\"icon-inner\" >\n\t\t\t\t\t\t<img loading=\"lazy\" decoding=\"async\" width=\"400\" height=\"400\" src=\"https:\/\/ecohemp.it\/wp-content\/uploads\/2023\/07\/Tearhemp-Pure-Olio-di-Canapa-Banner-piccolo-400x400.png\" class=\"attachment-medium size-medium\" alt=\"\" srcset=\"https:\/\/ecohemp.it\/wp-content\/uploads\/2023\/07\/Tearhemp-Pure-Olio-di-Canapa-Banner-piccolo-400x400.png 400w, https:\/\/ecohemp.it\/wp-content\/uploads\/2023\/07\/Tearhemp-Pure-Olio-di-Canapa-Banner-piccolo-800x800.png 800w, https:\/\/ecohemp.it\/wp-content\/uploads\/2023\/07\/Tearhemp-Pure-Olio-di-Canapa-Banner-piccolo-280x280.png 280w, https:\/\/ecohemp.it\/wp-content\/uploads\/2023\/07\/Tearhemp-Pure-Olio-di-Canapa-Banner-piccolo-768x768.png 768w, https:\/\/ecohemp.it\/wp-content\/uploads\/2023\/07\/Tearhemp-Pure-Olio-di-Canapa-Banner-piccolo.png 1000w\" sizes=\"auto, (max-width: 400px) 100vw, 400px\" \/>\t\t\t\t\t<\/div>\n\t\t\t\t<\/div>\n\t\t\t<\/div>\n\t\t\t\t<div class=\"icon-box-text last-reset\">\n\t\t\t\t\t\t\t\t\t\n\n<a href=\"https:\/\/ecohemp.it\/olio-di-cbd-senza-thc\/\" class=\"button secondary is-outline reveal-icon\" >\n\t\t<span>ENTDECKEN SIE UNSERE PRODUKTE<\/span>\n\t<i class=\"icon-angle-right\" aria-hidden=\"true\"><\/i><\/a>\n\n\n\n\t\t<\/div>\n\t<\/div>\n\t<\/a>\n\t\n\n\t\t<\/div>\n\t\t\t\t\t<\/div>\n\n\t\n\n\t<div id=\"col-1903195532\" class=\"col medium-3 small-12 large-3\"  >\n\t\t\t\t<div class=\"col-inner\"  >\n\t\t\t\n\t\t\t\n\n\n\t<a class=\"plain\" href=\"https:\/\/ecohemp.it\/tearhemp-complex-olio-di-cbd-con-thc\/\" >\t<div class=\"icon-box featured-box icon-box-center text-center\"  >\n\t\t\t\t\t<div class=\"icon-box-img\" style=\"width: 273px\">\n\t\t\t\t<div class=\"icon\">\n\t\t\t\t\t<div class=\"icon-inner\" >\n\t\t\t\t\t\t<img loading=\"lazy\" decoding=\"async\" width=\"400\" height=\"400\" src=\"https:\/\/ecohemp.it\/wp-content\/uploads\/2023\/07\/Tearhemp-Complex-Olio-di-canapa-banner-piccolo-400x400.png\" class=\"attachment-medium size-medium\" alt=\"\" srcset=\"https:\/\/ecohemp.it\/wp-content\/uploads\/2023\/07\/Tearhemp-Complex-Olio-di-canapa-banner-piccolo-400x400.png 400w, https:\/\/ecohemp.it\/wp-content\/uploads\/2023\/07\/Tearhemp-Complex-Olio-di-canapa-banner-piccolo-800x800.png 800w, https:\/\/ecohemp.it\/wp-content\/uploads\/2023\/07\/Tearhemp-Complex-Olio-di-canapa-banner-piccolo-280x280.png 280w, https:\/\/ecohemp.it\/wp-content\/uploads\/2023\/07\/Tearhemp-Complex-Olio-di-canapa-banner-piccolo-768x768.png 768w, https:\/\/ecohemp.it\/wp-content\/uploads\/2023\/07\/Tearhemp-Complex-Olio-di-canapa-banner-piccolo.png 1000w\" sizes=\"auto, (max-width: 400px) 100vw, 400px\" \/>\t\t\t\t\t<\/div>\n\t\t\t\t<\/div>\n\t\t\t<\/div>\n\t\t\t\t<div class=\"icon-box-text last-reset\">\n\t\t\t\t\t\t\t\t\t\n\n<a href=\"https:\/\/ecohemp.it\/tearhemp-complex-olio-di-cbd-con-thc\/\" class=\"button secondary is-outline reveal-icon\" >\n\t\t<span>ENTDECKEN SIE UNSERE PRODUKTE<\/span>\n\t<i class=\"icon-angle-right\" aria-hidden=\"true\"><\/i><\/a>\n\n\n\n\t\t<\/div>\n\t<\/div>\n\t<\/a>\n\t\n\n\t\t<\/div>\n\t\t\t\t\t<\/div>\n\n\t\n\n\t<div id=\"col-1120607152\" class=\"col medium-3 small-12 large-3\"  >\n\t\t\t\t<div class=\"col-inner\"  >\n\t\t\t\n\t\t\t\n\n\n\t<a class=\"plain\" href=\"https:\/\/ecohemp.it\/tearhemp-care-for-pet-olio-cbd-per-animali\/\" >\t<div class=\"icon-box featured-box icon-box-center text-center\"  >\n\t\t\t\t\t<div class=\"icon-box-img\" style=\"width: 273px\">\n\t\t\t\t<div class=\"icon\">\n\t\t\t\t\t<div class=\"icon-inner\" >\n\t\t\t\t\t\t<img loading=\"lazy\" decoding=\"async\" width=\"400\" height=\"400\" src=\"https:\/\/ecohemp.it\/wp-content\/uploads\/2020\/11\/olio-cbd-per-animali-tearhemp-for-pet-400x400.jpg\" class=\"attachment-medium size-medium\" alt=\"\" srcset=\"https:\/\/ecohemp.it\/wp-content\/uploads\/2020\/11\/olio-cbd-per-animali-tearhemp-for-pet-400x400.jpg 400w, https:\/\/ecohemp.it\/wp-content\/uploads\/2020\/11\/olio-cbd-per-animali-tearhemp-for-pet-800x800.jpg 800w, https:\/\/ecohemp.it\/wp-content\/uploads\/2020\/11\/olio-cbd-per-animali-tearhemp-for-pet-280x280.jpg 280w, https:\/\/ecohemp.it\/wp-content\/uploads\/2020\/11\/olio-cbd-per-animali-tearhemp-for-pet-768x768.jpg 768w, https:\/\/ecohemp.it\/wp-content\/uploads\/2020\/11\/olio-cbd-per-animali-tearhemp-for-pet.jpg 1024w\" sizes=\"auto, (max-width: 400px) 100vw, 400px\" \/>\t\t\t\t\t<\/div>\n\t\t\t\t<\/div>\n\t\t\t<\/div>\n\t\t\t\t<div class=\"icon-box-text last-reset\">\n\t\t\t\t\t\t\t\t\t\n\n<a href=\"https:\/\/ecohemp.it\/tearhemp-care-for-pet-olio-cbd-per-animali\/\" class=\"button secondary is-outline reveal-icon\" >\n\t\t<span>ENTDECKEN SIE UNSERE PRODUKTE<\/span>\n\t<i class=\"icon-angle-right\" aria-hidden=\"true\"><\/i><\/a>\n\n\n\n\t\t<\/div>\n\t<\/div>\n\t<\/a>\n\t\n\n\t\t<\/div>\n\t\t\t\t\t<\/div>\n\n\t\n\n\t<div id=\"col-1341771527\" class=\"col medium-3 small-12 large-3\"  >\n\t\t\t\t<div class=\"col-inner\"  >\n\t\t\t\n\t\t\t\n\n\n\t\t<div class=\"icon-box featured-box icon-box-center text-center\"  >\n\t\t\t\t\t<div class=\"icon-box-img\" style=\"width: 273px\">\n\t\t\t\t<div class=\"icon\">\n\t\t\t\t\t<div class=\"icon-inner\" >\n\t\t\t\t\t\t<img loading=\"lazy\" decoding=\"async\" width=\"400\" height=\"400\" src=\"https:\/\/ecohemp.it\/wp-content\/uploads\/2020\/08\/cristalli-cbd-ecohemp-400x400.jpg\" class=\"attachment-medium size-medium\" alt=\"\" srcset=\"https:\/\/ecohemp.it\/wp-content\/uploads\/2020\/08\/cristalli-cbd-ecohemp-400x400.jpg 400w, https:\/\/ecohemp.it\/wp-content\/uploads\/2020\/08\/cristalli-cbd-ecohemp-800x800.jpg 800w, https:\/\/ecohemp.it\/wp-content\/uploads\/2020\/08\/cristalli-cbd-ecohemp-280x280.jpg 280w, https:\/\/ecohemp.it\/wp-content\/uploads\/2020\/08\/cristalli-cbd-ecohemp-768x768.jpg 768w, https:\/\/ecohemp.it\/wp-content\/uploads\/2020\/08\/cristalli-cbd-ecohemp.jpg 1080w\" sizes=\"auto, (max-width: 400px) 100vw, 400px\" \/>\t\t\t\t\t<\/div>\n\t\t\t\t<\/div>\n\t\t\t<\/div>\n\t\t\t\t<div class=\"icon-box-text last-reset\">\n\t\t\t\t\t\t\t\t\t\n\n<a href=\"https:\/\/ecohemp.it\/cristalli-di-cbd\/\" class=\"button secondary is-outline reveal-icon\" >\n\t\t<span>ENTDECKEN SIE UNSERE PRODUKTE<\/span>\n\t<i class=\"icon-angle-right\" aria-hidden=\"true\"><\/i><\/a>\n\n\n\n\t\t<\/div>\n\t<\/div>\n\t\n\t\n\n\t\t<\/div>\n\t\t\t\t\t<\/div>\n\n\t\n\n<\/div>\n\n\t\t<\/div>\n\n\t\t\n<style>\n#section_1455714465 {\n  padding-top: 60px;\n  padding-bottom: 60px;\n}\n<\/style>\n\t<\/section>\n\t\n\n","protected":false},"excerpt":{"rendered":"","protected":false},"author":2,"featured_media":0,"parent":0,"menu_order":0,"comment_status":"closed","ping_status":"closed","template":"page-blank.php","meta":{"footnotes":""},"class_list":["post-10661","page","type-page","status-publish","hentry"],"yoast_head":"<!-- This site is optimized with the Yoast SEO plugin v27.4 - https:\/\/yoast.com\/product\/yoast-seo-wordpress\/ -->\n<title>Eigenschaften und Vorteile von Cannabidiol und CBD-\u00d6l | Ecohemp<\/title>\n<meta name=\"description\" content=\"Che cos&#039;\u00e8 il CBD? Wie ist Cannabidiol einzunehmen? Was sind die Wirkungen von CBD-Kristallen? Entdecken Sie die Vorteile und therapeutischen Eigenschaften von Tearhemp CBD-\u00d6l!\" \/>\n<meta name=\"robots\" content=\"index, follow, max-snippet:-1, max-image-preview:large, max-video-preview:-1\" \/>\n<link rel=\"canonical\" href=\"https:\/\/ecohemp.it\/de\/eigenschaften-des-cbd\/\" \/>\n<meta property=\"og:locale\" content=\"de_DE\" \/>\n<meta property=\"og:type\" content=\"article\" \/>\n<meta property=\"og:title\" content=\"Eigenschaften und Vorteile von Cannabidiol und CBD-\u00d6l | Ecohemp\" \/>\n<meta property=\"og:description\" content=\"Che cos&#039;\u00e8 il CBD? Wie ist Cannabidiol einzunehmen? Was sind die Wirkungen von CBD-Kristallen? Entdecken Sie die Vorteile und therapeutischen Eigenschaften von Tearhemp CBD-\u00d6l!\" \/>\n<meta property=\"og:url\" content=\"https:\/\/ecohemp.it\/de\/eigenschaften-des-cbd\/\" \/>\n<meta property=\"og:site_name\" content=\"Olio di CBD biologico Tearhemp di Ecohemp\" \/>\n<meta property=\"article:publisher\" content=\"https:\/\/www.facebook.com\/Ecohempofficial\/\" \/>\n<meta property=\"article:modified_time\" content=\"2023-07-21T13:00:38+00:00\" \/>\n<meta name=\"twitter:card\" content=\"summary_large_image\" \/>\n<meta name=\"twitter:label1\" content=\"Gesch\u00e4tzte Lesezeit\" \/>\n\t<meta name=\"twitter:data1\" content=\"3\u00a0Minuten\" \/>\n<script type=\"application\/ld+json\" class=\"yoast-schema-graph\">{\"@context\":\"https:\\\/\\\/schema.org\",\"@graph\":[{\"@type\":\"WebPage\",\"@id\":\"https:\\\/\\\/ecohemp.it\\\/de\\\/eigenschaften-des-cbd\\\/\",\"url\":\"https:\\\/\\\/ecohemp.it\\\/de\\\/eigenschaften-des-cbd\\\/\",\"name\":\"Eigenschaften und Vorteile von Cannabidiol und CBD-\u00d6l | Ecohemp\",\"isPartOf\":{\"@id\":\"https:\\\/\\\/ecohemp.it\\\/de\\\/#website\"},\"datePublished\":\"2018-09-19T11:55:40+00:00\",\"dateModified\":\"2023-07-21T13:00:38+00:00\",\"description\":\"Che cos'\u00e8 il CBD? Wie ist Cannabidiol einzunehmen? Was sind die Wirkungen von CBD-Kristallen? Entdecken Sie die Vorteile und therapeutischen Eigenschaften von Tearhemp CBD-\u00d6l!\",\"breadcrumb\":{\"@id\":\"https:\\\/\\\/ecohemp.it\\\/de\\\/eigenschaften-des-cbd\\\/#breadcrumb\"},\"inLanguage\":\"de\",\"potentialAction\":[{\"@type\":\"ReadAction\",\"target\":[\"https:\\\/\\\/ecohemp.it\\\/de\\\/eigenschaften-des-cbd\\\/\"]}]},{\"@type\":\"BreadcrumbList\",\"@id\":\"https:\\\/\\\/ecohemp.it\\\/de\\\/eigenschaften-des-cbd\\\/#breadcrumb\",\"itemListElement\":[{\"@type\":\"ListItem\",\"position\":1,\"name\":\"Home\",\"item\":\"https:\\\/\\\/ecohemp.it\\\/de\\\/\"},{\"@type\":\"ListItem\",\"position\":2,\"name\":\"Eigenschaften des CBD\"}]},{\"@type\":\"WebSite\",\"@id\":\"https:\\\/\\\/ecohemp.it\\\/de\\\/#website\",\"url\":\"https:\\\/\\\/ecohemp.it\\\/de\\\/\",\"name\":\"ECOHEMP Made by nature\",\"description\":\"Da canapa monovariet&agrave; di produzione italiana\",\"publisher\":{\"@id\":\"https:\\\/\\\/ecohemp.it\\\/de\\\/#organization\"},\"potentialAction\":[{\"@type\":\"SearchAction\",\"target\":{\"@type\":\"EntryPoint\",\"urlTemplate\":\"https:\\\/\\\/ecohemp.it\\\/de\\\/?s={search_term_string}\"},\"query-input\":{\"@type\":\"PropertyValueSpecification\",\"valueRequired\":true,\"valueName\":\"search_term_string\"}}],\"inLanguage\":\"de\"},{\"@type\":\"Organization\",\"@id\":\"https:\\\/\\\/ecohemp.it\\\/de\\\/#organization\",\"name\":\"ECOHEMP srl\",\"url\":\"https:\\\/\\\/ecohemp.it\\\/de\\\/\",\"logo\":{\"@type\":\"ImageObject\",\"inLanguage\":\"de\",\"@id\":\"https:\\\/\\\/ecohemp.it\\\/de\\\/#\\\/schema\\\/logo\\\/image\\\/\",\"url\":\"https:\\\/\\\/ecohemp.it\\\/wp-content\\\/uploads\\\/2018\\\/09\\\/Eco-Hemp-logo.png\",\"contentUrl\":\"https:\\\/\\\/ecohemp.it\\\/wp-content\\\/uploads\\\/2018\\\/09\\\/Eco-Hemp-logo.png\",\"width\":203,\"height\":100,\"caption\":\"ECOHEMP srl\"},\"image\":{\"@id\":\"https:\\\/\\\/ecohemp.it\\\/de\\\/#\\\/schema\\\/logo\\\/image\\\/\"},\"sameAs\":[\"https:\\\/\\\/www.facebook.com\\\/Ecohempofficial\\\/\",\"https:\\\/\\\/www.instagram.com\\\/ecohemp\\\/\",\"https:\\\/\\\/www.linkedin.com\\\/company\\\/ecohemp-official\\\/\",\"https:\\\/\\\/www.youtube.com\\\/channel\\\/UC0d52IGdGSpZUuxRhewrDnw\"]}]}<\/script>\n<!-- \/ Yoast SEO plugin. -->","yoast_head_json":{"title":"Eigenschaften und Vorteile von Cannabidiol und CBD-\u00d6l | Ecohemp","description":"Che cos'\u00e8 il CBD? Wie ist Cannabidiol einzunehmen? Was sind die Wirkungen von CBD-Kristallen? Entdecken Sie die Vorteile und therapeutischen Eigenschaften von Tearhemp CBD-\u00d6l!","robots":{"index":"index","follow":"follow","max-snippet":"max-snippet:-1","max-image-preview":"max-image-preview:large","max-video-preview":"max-video-preview:-1"},"canonical":"https:\/\/ecohemp.it\/de\/eigenschaften-des-cbd\/","og_locale":"de_DE","og_type":"article","og_title":"Eigenschaften und Vorteile von Cannabidiol und CBD-\u00d6l | Ecohemp","og_description":"Che cos'\u00e8 il CBD? Wie ist Cannabidiol einzunehmen? Was sind die Wirkungen von CBD-Kristallen? Entdecken Sie die Vorteile und therapeutischen Eigenschaften von Tearhemp CBD-\u00d6l!","og_url":"https:\/\/ecohemp.it\/de\/eigenschaften-des-cbd\/","og_site_name":"Olio di CBD biologico Tearhemp di Ecohemp","article_publisher":"https:\/\/www.facebook.com\/Ecohempofficial\/","article_modified_time":"2023-07-21T13:00:38+00:00","twitter_card":"summary_large_image","twitter_misc":{"Gesch\u00e4tzte Lesezeit":"3\u00a0Minuten"},"schema":{"@context":"https:\/\/schema.org","@graph":[{"@type":"WebPage","@id":"https:\/\/ecohemp.it\/de\/eigenschaften-des-cbd\/","url":"https:\/\/ecohemp.it\/de\/eigenschaften-des-cbd\/","name":"Eigenschaften und Vorteile von Cannabidiol und CBD-\u00d6l | Ecohemp","isPartOf":{"@id":"https:\/\/ecohemp.it\/de\/#website"},"datePublished":"2018-09-19T11:55:40+00:00","dateModified":"2023-07-21T13:00:38+00:00","description":"Che cos'\u00e8 il CBD? Wie ist Cannabidiol einzunehmen? Was sind die Wirkungen von CBD-Kristallen? Entdecken Sie die Vorteile und therapeutischen Eigenschaften von Tearhemp CBD-\u00d6l!","breadcrumb":{"@id":"https:\/\/ecohemp.it\/de\/eigenschaften-des-cbd\/#breadcrumb"},"inLanguage":"de","potentialAction":[{"@type":"ReadAction","target":["https:\/\/ecohemp.it\/de\/eigenschaften-des-cbd\/"]}]},{"@type":"BreadcrumbList","@id":"https:\/\/ecohemp.it\/de\/eigenschaften-des-cbd\/#breadcrumb","itemListElement":[{"@type":"ListItem","position":1,"name":"Home","item":"https:\/\/ecohemp.it\/de\/"},{"@type":"ListItem","position":2,"name":"Eigenschaften des CBD"}]},{"@type":"WebSite","@id":"https:\/\/ecohemp.it\/de\/#website","url":"https:\/\/ecohemp.it\/de\/","name":"ECOHEMP Made by nature","description":"Da canapa monovariet&agrave; di produzione italiana","publisher":{"@id":"https:\/\/ecohemp.it\/de\/#organization"},"potentialAction":[{"@type":"SearchAction","target":{"@type":"EntryPoint","urlTemplate":"https:\/\/ecohemp.it\/de\/?s={search_term_string}"},"query-input":{"@type":"PropertyValueSpecification","valueRequired":true,"valueName":"search_term_string"}}],"inLanguage":"de"},{"@type":"Organization","@id":"https:\/\/ecohemp.it\/de\/#organization","name":"ECOHEMP srl","url":"https:\/\/ecohemp.it\/de\/","logo":{"@type":"ImageObject","inLanguage":"de","@id":"https:\/\/ecohemp.it\/de\/#\/schema\/logo\/image\/","url":"https:\/\/ecohemp.it\/wp-content\/uploads\/2018\/09\/Eco-Hemp-logo.png","contentUrl":"https:\/\/ecohemp.it\/wp-content\/uploads\/2018\/09\/Eco-Hemp-logo.png","width":203,"height":100,"caption":"ECOHEMP srl"},"image":{"@id":"https:\/\/ecohemp.it\/de\/#\/schema\/logo\/image\/"},"sameAs":["https:\/\/www.facebook.com\/Ecohempofficial\/","https:\/\/www.instagram.com\/ecohemp\/","https:\/\/www.linkedin.com\/company\/ecohemp-official\/","https:\/\/www.youtube.com\/channel\/UC0d52IGdGSpZUuxRhewrDnw"]}]}},"_links":{"self":[{"href":"https:\/\/ecohemp.it\/de\/wp-json\/wp\/v2\/pages\/10661","targetHints":{"allow":["GET"]}}],"collection":[{"href":"https:\/\/ecohemp.it\/de\/wp-json\/wp\/v2\/pages"}],"about":[{"href":"https:\/\/ecohemp.it\/de\/wp-json\/wp\/v2\/types\/page"}],"author":[{"embeddable":true,"href":"https:\/\/ecohemp.it\/de\/wp-json\/wp\/v2\/users\/2"}],"replies":[{"embeddable":true,"href":"https:\/\/ecohemp.it\/de\/wp-json\/wp\/v2\/comments?post=10661"}],"version-history":[{"count":13,"href":"https:\/\/ecohemp.it\/de\/wp-json\/wp\/v2\/pages\/10661\/revisions"}],"predecessor-version":[{"id":10994,"href":"https:\/\/ecohemp.it\/de\/wp-json\/wp\/v2\/pages\/10661\/revisions\/10994"}],"wp:attachment":[{"href":"https:\/\/ecohemp.it\/de\/wp-json\/wp\/v2\/media?parent=10661"}],"curies":[{"name":"wp","href":"https:\/\/api.w.org\/{rel}","templated":true}]}}