{"id":10519,"date":"2018-09-20T18:43:38","date_gmt":"2018-09-20T17:43:38","guid":{"rendered":"https:\/\/ecohemp.it\/datenschutzerklaerung\/"},"modified":"2022-12-16T15:01:06","modified_gmt":"2022-12-16T14:01:06","slug":"datenschutzerklaerung","status":"publish","type":"page","link":"https:\/\/ecohemp.it\/de\/datenschutzerklaerung\/","title":{"rendered":"Datenschutzerkl\u00e4rung"},"content":{"rendered":"<div class=\"container section-title-container\" ><h3 class=\"section-title section-title-bold-center\"><b aria-hidden=\"true\"><\/b><span class=\"section-title-main\" >Datenverarbeitung<\/span><b aria-hidden=\"true\"><\/b><\/h3><\/div>\n<h3><strong>Informationen und Antrag auf Zustimmung zur Verarbeitung personenbezogener Daten<\/strong><\/h3>\n<p><strong>1. Einleitung<\/strong><br \/>\n<strong>ECOHEMP S.r.l.<\/strong> (\u201eDer Eigent\u00fcmer\u201c) ist ein Unternehmen, das im Bereich fortschrittlicher digitaler L\u00f6sungen f\u00fcr den Smart Agri-Food-Sektor t\u00e4tig ist<\/p>\n<p>Diese Informationen sollen den Benutzer \u00fcber die Verfahren zur Verarbeitung der ihn betreffenden personenbezogenen Daten informieren<\/p>\n<p><strong>ECOHEMP S.r.l<\/strong>., in \u00dcbereinstimmung mit dem Italienischen Gesetzesdekret. 196\/2003 (im Folgenden \u201e<strong>Datenschutzkodex<\/strong>\u201c) und Verordnung (EU) 2016\/679 (im Folgenden \u201e<strong>DSGVO<\/strong>\u201c) beabsichtigt, die Vertraulichkeit und Sicherheit der personenbezogenen Daten jedes Besuchers gem\u00e4\u00df den Bestimmungen dieser Informationen zu gew\u00e4hrleisten. Diese Datenschutzerkl\u00e4rung gelten als Informationen gem\u00e4\u00df Art. 13 des italienischen Datenschutzgesetzes und Artikeln 13 und 14 der DSGVO.<\/p>\n<p><strong>2. Art der verarbeiteten Daten<\/strong><br \/>\nDie Website bietet informative, kommerzielle und manchmal interaktive Inhalte. Beim Surfen auf der Website <strong>www.ecohemp.it<\/strong> k\u00f6nnen Sie daher auf folgende Weise Informationen \u00fcber den Besucher erhalten:<\/p>\n<ul>\n<li><em>Navigationsdaten<\/em><br \/>\nDie f\u00fcr den Betrieb dieser Website verwendeten Computersysteme und Softwareverfahren erfassen w\u00e4hrend ihres normalen Betriebs einige personenbezogene Daten, deren \u00dcbertragung mit der Verwendung von Internet-Kommunikationsprotokollen impliziert ist.<br \/>\nZu dieser Datenkategorie geh\u00f6ren: IP-Adressen, verwendeter Browsertyp, Betriebssystem, Domainname und Website-Adressen, von denen aus der Zugriff erfolgte, Informationen zu den von Nutzern besuchten Seiten innerhalb der Website, Zeitpunkt des Zugriffs, Dauerhaftigkeit auf der Einzelseite die Analyse des internen Pfades und anderer Parameter in Bezug auf das Betriebssystem und die IT-Umgebung des Benutzers.<\/li>\n<li><em>Zus\u00e4tzliche Datenkategorien<\/em><br \/>\nDies sind alle personenbezogenen Daten, die der Besucher \u00fcber die Website zur Verf\u00fcgung stellt, beispielsweise durch Registrierung und \/ oder Zugriff auf einen reservierten Bereich und \/ oder einen Dienst und \/ oder Teilnahme an einer der von <strong>ECOHEMP S.r.l.<\/strong> gestarteten Initiativen. allein oder in Partnerschaft mit Dritten, indem Sie an eine E-Mail-Adresse von <strong>info@ecohemp.it<\/strong> per richiedere informazioni oppure telefonando ad un nostro numero aziendale per avere un contatto diretto con l\u2019azienda.<\/li>\n<\/ul>\n<p><strong>3. ZWECK der Datenbehandlung <\/strong><\/p>\n<div class=\"row row-collapse align-equal row-solid\"  id=\"row-832806949\">\n\n\t<div id=\"col-1258330013\" class=\"col medium-6 small-12 large-6\"  >\n\t\t\t\t<div class=\"col-inner text-center dark\" style=\"background-color:#748388;\" >\n\t\t\t\n\t\t\t\n<h3>ZWECK<\/h3>\n\t\t<\/div>\n\t\t\t\t\n<style>\n#col-1258330013 > .col-inner {\n  padding: 10px 0px 0px 0px;\n  margin: 0 0px 0px 0px;\n}\n<\/style>\n\t<\/div>\n\n\t\n\n\t<div id=\"col-1489567721\" class=\"col medium-6 small-12 large-6\"  >\n\t\t\t\t<div class=\"col-inner text-center dark\" style=\"background-color:#748388;\" >\n\t\t\t\n\t\t\t\n<h3>RECHTLICHE GRUNDLAGE<\/h3>\n\t\t<\/div>\n\t\t\t\t\n<style>\n#col-1489567721 > .col-inner {\n  padding: 10px 0px 0px 0px;\n  margin: 0 0px 0px 0px;\n}\n<\/style>\n\t<\/div>\n\n\t\n\n\t<div id=\"col-686607390\" class=\"col medium-6 small-12 large-6\"  >\n\t\t\t\t<div class=\"col-inner\"  >\n\t\t\t\n\t\t\t\n<p>Bereitstellung der vom Benutzer angeforderten Waren und \/ oder Dienstleistungen, Verwaltung der vom Benutzer abgeschlossenen Vertr\u00e4ge, Erf\u00fcllung der damit verbundenen administrativen, buchhalterischen, steuerlichen und rechtlichen Verpflichtungen sowie Erf\u00fcllung der vom Benutzer gestellten Anfragen.<\/p>\n\t\t<\/div>\n\t\t\t\t\t<\/div>\n\n\t\n\n\t<div id=\"col-1637417774\" class=\"col medium-6 small-12 large-6\"  >\n\t\t\t\t<div class=\"col-inner\"  >\n\t\t\t\n\t\t\t\n<p>Die f\u00fcr diese Zwecke durchgef\u00fchrten Behandlungen sind f\u00fcr die Erf\u00fcllung vertraglicher Verpflichtungen erforderlich und bed\u00fcrfen keiner besonderen Zustimmung der interessierten Partei.<\/p>\n\t\t<\/div>\n\t\t\t\t\t<\/div>\n\n\t\n\n\t<div id=\"col-788838138\" class=\"col medium-6 small-12 large-6\"  >\n\t\t\t\t<div class=\"col-inner\"  >\n\t\t\t\n\t\t\t\n<p>Ihnen im Interesse des Eigent\u00fcmers kommerzielle Mitteilungen in Bezug auf Werbeaktionen und \/ oder Angebote zu senden, f\u00fcr die Sie m\u00f6glicherweise Anspruch haben.<\/p>\n\t\t<\/div>\n\t\t\t\t\t<\/div>\n\n\t\n\n\t<div id=\"col-898105742\" class=\"col medium-6 small-12 large-6\"  >\n\t\t\t\t<div class=\"col-inner\"  >\n\t\t\t\n\t\t\t\n<p>Die f\u00fcr diese Zwecke eingerichteten Behandlungen werden mit der ausdr\u00fccklichen Zustimmung des Benutzers durchgef\u00fchrt, mit Ausnahme von kommerziellen Mitteilungen in Bezug auf Produkte und \/ oder Dienstleistungen, die denen \u00e4hneln, die bereits vom Benutzer gekauft und \/ oder abonniert wurden, f\u00fcr die die Behandlung vorgesehen ist basierend auf einem berechtigten Interesse des Datenverantwortlichen.<\/p>\n\t\t<\/div>\n\t\t\t\t\t<\/div>\n\n\t\n\n\t<div id=\"col-553949805\" class=\"col medium-6 small-12 large-6\"  >\n\t\t\t\t<div class=\"col-inner\"  >\n\t\t\t\n\t\t\t\n<p>Durchf\u00fchrung von Profiling-Aktivit\u00e4ten, d. h. Analyse und Verarbeitung von Informationen in Bezug auf den Benutzer, seine Vorlieben, Gewohnheiten, Konsumentscheidungen und \/ oder Surferfahrungen. Diese Aktivit\u00e4t wird auch durch den Einsatz von Technologien wie Cookies durchgef\u00fchrt (weitere Informationen finden Sie in Abschnitt 14 dieser \u201eCookie-Richtlinie\u201c).<\/p>\n\t\t<\/div>\n\t\t\t\t\t<\/div>\n\n\t\n\n\t<div id=\"col-1105292351\" class=\"col medium-6 small-12 large-6\"  >\n\t\t\t\t<div class=\"col-inner\"  >\n\t\t\t\n\t\t\t\n<p>Die f\u00fcr diese Zwecke durchgef\u00fchrten Behandlungen werden mit ausdr\u00fccklicher Zustimmung des Benutzers durchgef\u00fchrt, mit Ausnahme einer Analyse elementarer Informationen in Bezug auf seine Konsumpr\u00e4ferenzen.<\/p>\n\t\t<\/div>\n\t\t\t\t\t<\/div>\n\n\t\n<\/div>\n<p><strong>4. Rollen und Verantwortlichkeiten im Bereich Datenschutz<br \/>\n<\/strong>hre personenbezogenen Daten werden von <strong>ECOHEMP S.r.l.<\/strong> als Datenverantwortlicher. Mehr Informationen k\u00f6nnen angefordert werden, indem Sie eine E-Mail an die folgende Adresse senden: <strong>info@ecohemp.it<\/strong><\/p>\n<p><strong>5. Methoden der Datenverarbeitung<\/strong><br \/>\nDie Verarbeitung personenbezogener Daten erfolgt haupts\u00e4chlich unter Verwendung elektronischer Verfahren und Medien f\u00fcr die Zeit, die unbedingt erforderlich ist, um die Zwecke zu erreichen, f\u00fcr die die Daten erhoben wurden, und in jedem Fall unter Einhaltung der Grunds\u00e4tze der Rechtm\u00e4\u00dfigkeit, Korrektheit, Nicht\u00fcberschreitung und Relevanz die von der geltenden Gesetzgebung vorgesehen sind.<\/p>\n<p><strong>6. Weiterleitung auf externe Seiten<\/strong><br \/>\nDie Website kann das sogenannte Soziale-Plugin verwenden Social Plugins sind spezielle Tools, mit denen Sie Funktionen des sozialen Netzwerks direkt in die Website einbinden k\u00f6nnen (z. B. die \u201eGef\u00e4llt mir\u201c-Funktion von Facebook)<br \/>\nAlle Social Plug-Ins auf der Website sind mit dem jeweiligen Logo der Plattform des sozialen Netzwerks (z. B. Facebook, Google, Twitter, Linkedin) gekennzeichnet.<br \/>\nWenn Sie eine Seite unserer Website besuchen und mit dem Plug-in interagieren (zB durch Anklicken des \u201eGef\u00e4llt mir\u201c-Buttons) oder sich entscheiden, einen Kommentar abzugeben, wird die entsprechende Information von Ihrem Browser direkt an die Plattform des sozialen Netzwerks \u00fcbermittelt und dort gespeichert Informationen zu Zweck, Art und Methoden der Erhebung, Verarbeitung, Nutzung und Speicherung personenbezogener Daten durch die Plattform des sozialen Netzwerks sowie zu den Methoden zur Aus\u00fcbung ihrer Rechte finden Sie in den Datenschutzrichtlinien der jeweiligen Person Netzwerk.<\/p>\n<p><strong>7. Verbindung zu\/von Websites Dritter<\/strong><br \/>\nVon dieser Website aus ist es m\u00f6glich, \u00fcber entsprechende Links eine Verbindung zu anderen Websites herzustellen, und es ist m\u00f6glich, von Websites Dritter eine Verbindung zu unserer Website herzustellen.<br \/>\nDer Datenverantwortliche lehnt jede Verantwortung f\u00fcr die Anforderung und \/ oder Weitergabe personenbezogener Daten an Websites Dritter und f\u00fcr die Verwaltung von Authentifizierungsdaten ab, die von Dritten bereitgestellt werden.<\/p>\n<p><strong>8. Datenaufbewahrung<\/strong><br \/>\nWir informieren Sie, dass die Daten zu den Navigationsprotokollen, falls registriert, vom Datenverantwortlichen f\u00fcr einen Zeitraum von 36 Monaten aufbewahrt werden. Wir weisen Sie au\u00dferdem darauf hin, dass die von Ihnen angegebenen Daten f\u00fcr die gesamte Dauer des Vertragsverh\u00e4ltnisses zwischen uns verarbeitet und ausschlie\u00dflich f\u00fcr die zur Erf\u00fcllung gesetzlicher Pflichten vorgesehene Dauer weiter gespeichert werden, sofern die weitere Aufbewahrung nicht zu Verteidigungs- oder Zweckzwecken erforderlich ist ein Recht geltend zu machen oder weitere gesetzliche Verpflichtungen oder beh\u00f6rdliche Anordnungen zu erf\u00fcllen.<\/p>\n<p><strong>9.Rechte der interessierten<\/strong><br \/>\nDie Personen, auf die sich die oben genannten personenbezogenen Daten beziehen (sogenannte \u201ebetroffene Parteien\u201c), haben das Recht, ihre Rechte in der Weise und innerhalb der Grenzen geltender Datenschutzgesetze auszu\u00fcben.<br \/>\nIn Bezug auf die Verarbeitung Ihrer personenbezogenen Daten haben Sie das Recht, <strong>ECOHEMP S.r.l.<\/strong> zu fragen<\/p>\n<ul>\n<li><strong>Zugriff<\/strong>: Sie k\u00f6nnen eine Best\u00e4tigung dar\u00fcber verlangen, ob Sie betreffende Daten verarbeitet werden, sowie weitere Erl\u00e4uterungen zu den Informationen, auf die in dieser Erkl\u00e4rung Bezug genommen wird, und im Rahmen des Zumutbaren die Daten erhalten;<\/li>\n<li><strong>Berichtigung:<\/strong> Sie k\u00f6nnen verlangen, dass Sie die von Ihnen bereitgestellten oder in unserem Besitz befindlichen Daten berichtigen oder erg\u00e4nzen, falls sie unrichtig sind;<\/li>\n<li><strong>L\u00f6schung:<\/strong>Sie k\u00f6nnen verlangen, dass Ihre von uns erhobenen oder verarbeiteten Daten gel\u00f6scht werden, wenn sie f\u00fcr unsere Zwecke nicht mehr erforderlich sind oder keine Streitigkeiten oder Rechtsstreitigkeiten bestehen, im Falle eines Widerrufs oder Widerspruchs gegen die Verarbeitung der unrechtm\u00e4\u00dfigen Verarbeitung oder wenn eine gesetzliche Verpflichtung zur L\u00f6schung besteht;<\/li>\n<li><strong>die Einschr\u00e4nkung: Sie k\u00f6nnen die Einschr\u00e4nkung der Verarbeitung Ihrer personenbezogenen Daten verlangen, wenn eine der in Art.<\/strong> 18 DSGVO; In diesem Fall werden Ihre Daten ohne Ihre Zustimmung nicht verarbeitet, mit Ausnahme der Speicherung, au\u00dfer wie im selben Artikel in Absatz 2 angegeben.<\/li>\n<li><strong>Widersetzung<\/strong>Sie k\u00f6nnen der Verarbeitung Ihrer Daten aufgrund unseres berechtigten Interesses jederzeit widersetzen, es sei denn, es gibt berechtigte Gr\u00fcnde f\u00fcr die Fortsetzung der Verarbeitung, die Ihren gegen\u00fcber \u00fcberwiegen, beispielsweise f\u00fcr die Aus\u00fcbung oder unsere Verteidigung vor Gericht ;Ihr Widerruf hat immer und in jedem Fall Vorrang vor unserem berechtigten Interesse an der Verarbeitung Ihrer Daten zu Marketingzwecken;<\/li>\n<li><strong>Portabilit\u00e4t:<\/strong> Sie k\u00f6nnen verlangen, dass Ihre Daten in einem strukturierten Format, das allgemein verwendet und von einem automatisierten Verfahren gelesen werden kann, erhalten k\u00f6nnen, oder an einen anderen von Ihnen angegebenen Daten-Eigentumsntr\u00e4ger \u00fcbermittelt werden kann.<\/li>\n<\/ul>\n<p>Inoltre, ai sensi dell\u2019art. 7, Abs. 3 DSGVO informieren wir Sie dar\u00fcber, dass Sie Ihr Recht auf Widerruf Ihrer Einwilligung jederzeit aus\u00fcben k\u00f6nnen, ohne dass die Rechtm\u00e4\u00dfigkeit der Behandlung aufgrund der zuvor erteilten Einwilligung ber\u00fchrt wird. Abschlie\u00dfend teilen wir Ihnen mit, dass Sie das Recht haben, eine Beschwerde bei der Aufsichtsbeh\u00f6rde einzureichen, die in Italien die Garantin f\u00fcr den Schutz personenbezogener Daten ist.<\/p>\n<p>Um diese Rechte auszu\u00fcben, Probleme zu melden oder um Kl\u00e4rung der Verarbeitung Ihrer personenbezogenen Daten zu bitten, k\u00f6nnen Sie eine E-Mail an <strong>info@ecohemp.it senden<\/strong><\/p>\n<p><strong>10. Recht auf Vergessenzuwerden<\/strong><br \/>\nWir informieren Sie, dass diese Informationen nur die Verarbeitung personenbezogener Daten betreffen, die Sie <strong>ECOHEMP S.r.l.<\/strong> &#8211; m\u00f6glicherweise auch durch den Kauf unserer entgeltlich erbrachten Produkte und\/oder Dienstleistungen oder durch die Teilnahme an unseren Werbeaktionen und\/oder Angeboten &#8211; und solche, die wir m\u00f6glicherweise im Laufe dieser Beziehung und\/oder weiterer Beziehungen zwischen Ihnen und uns erwerben.<br \/>\nWenn Sie hingegen das Recht auf Vergessenwerden in Bezug auf Ihre personenbezogenen Daten geltend machen m\u00f6chten, erinnern wir Sie daran, dass der Datenverantwortliche die Firma <strong>ECOHEMP S.r.l<\/strong>. an die Sie sich wenden k\u00f6nnen, um dieses Recht gem\u00e4\u00df Art. 17 der DSGVO durch Senden einer E-Mail an <strong>info@ecohemp.it<\/strong><\/p>\n<p><strong>11. \u00c4nderungen der Datenschutzerkl\u00e4rung<\/strong><br \/>\nDas m\u00f6gliche Inkrafttreten neuer Branchenvorschriften sowie die st\u00e4ndige \u00dcberpr\u00fcfung und Aktualisierung der Benutzerdienste k\u00f6nnen dazu f\u00fchren, dass die in dieser Erkl\u00e4rung beschriebenen Methoden und Bedingungen ge\u00e4ndert werden m\u00fcssen Daher ist es m\u00f6glich, dass dieses Dokument im Laufe der Zeit \u00c4nderungen unterliegt. Wir werden alle \u00c4nderungen an dieser Mitteilung auf dieser Seite ver\u00f6ffentlichen und Sie, falls die \u00c4nderungen relevant sind, mit einer besser sichtbaren Benachrichtigung benachrichtigen.<\/p>\n","protected":false},"excerpt":{"rendered":"<p>Informationen und Antrag auf Zustimmung zur Verarbeitung personenbezogener Daten 1. Einleitung ECOHEMP S.r.l. (\u201eDer Eigent\u00fcmer\u201c) ist ein Unternehmen, das im Bereich fortschrittlicher digitaler L\u00f6sungen f\u00fcr den Smart Agri-Food-Sektor t\u00e4tig ist Diese Informationen sollen den Benutzer \u00fcber die Verfahren zur Verarbeitung der ihn betreffenden personenbezogenen Daten informieren ECOHEMP S.r.l., in \u00dcbereinstimmung mit dem Italienischen Gesetzesdekret. 196\/2003 [&#8230;]\n","protected":false},"author":2,"featured_media":0,"parent":0,"menu_order":0,"comment_status":"closed","ping_status":"closed","template":"","meta":{"footnotes":""},"class_list":["post-10519","page","type-page","status-publish","hentry"],"yoast_head":"<!-- This site is optimized with the Yoast SEO plugin v27.4 - https:\/\/yoast.com\/product\/yoast-seo-wordpress\/ -->\n<title>Datenschutzerkl\u00e4rung | Olio di CBD biologico Tearhemp di Ecohemp<\/title>\n<meta name=\"robots\" content=\"index, follow, max-snippet:-1, max-image-preview:large, max-video-preview:-1\" \/>\n<link rel=\"canonical\" href=\"https:\/\/ecohemp.it\/de\/datenschutzerklaerung\/\" \/>\n<meta property=\"og:locale\" content=\"de_DE\" \/>\n<meta property=\"og:type\" content=\"article\" \/>\n<meta property=\"og:title\" content=\"Datenschutzerkl\u00e4rung | Olio di CBD biologico Tearhemp di Ecohemp\" \/>\n<meta property=\"og:description\" content=\"Informationen und Antrag auf Zustimmung zur Verarbeitung personenbezogener Daten 1. Einleitung ECOHEMP S.r.l. (\u201eDer Eigent\u00fcmer\u201c) ist ein Unternehmen, das im Bereich fortschrittlicher digitaler L\u00f6sungen f\u00fcr den Smart Agri-Food-Sektor t\u00e4tig ist Diese Informationen sollen den Benutzer \u00fcber die Verfahren zur Verarbeitung der ihn betreffenden personenbezogenen Daten informieren ECOHEMP S.r.l., in \u00dcbereinstimmung mit dem Italienischen Gesetzesdekret. 196\/2003 [...]\" \/>\n<meta property=\"og:url\" content=\"https:\/\/ecohemp.it\/de\/datenschutzerklaerung\/\" \/>\n<meta property=\"og:site_name\" content=\"Olio di CBD biologico Tearhemp di Ecohemp\" \/>\n<meta property=\"article:publisher\" content=\"https:\/\/www.facebook.com\/Ecohempofficial\/\" \/>\n<meta property=\"article:modified_time\" content=\"2022-12-16T14:01:06+00:00\" \/>\n<meta name=\"twitter:card\" content=\"summary_large_image\" \/>\n<meta name=\"twitter:label1\" content=\"Gesch\u00e4tzte Lesezeit\" \/>\n\t<meta name=\"twitter:data1\" content=\"8\u00a0Minuten\" \/>\n<script type=\"application\/ld+json\" class=\"yoast-schema-graph\">{\"@context\":\"https:\\\/\\\/schema.org\",\"@graph\":[{\"@type\":\"WebPage\",\"@id\":\"https:\\\/\\\/ecohemp.it\\\/de\\\/datenschutzerklaerung\\\/\",\"url\":\"https:\\\/\\\/ecohemp.it\\\/de\\\/datenschutzerklaerung\\\/\",\"name\":\"Datenschutzerkl\u00e4rung | Olio di CBD biologico Tearhemp di Ecohemp\",\"isPartOf\":{\"@id\":\"https:\\\/\\\/ecohemp.it\\\/de\\\/#website\"},\"datePublished\":\"2018-09-20T17:43:38+00:00\",\"dateModified\":\"2022-12-16T14:01:06+00:00\",\"breadcrumb\":{\"@id\":\"https:\\\/\\\/ecohemp.it\\\/de\\\/datenschutzerklaerung\\\/#breadcrumb\"},\"inLanguage\":\"de\",\"potentialAction\":[{\"@type\":\"ReadAction\",\"target\":[\"https:\\\/\\\/ecohemp.it\\\/de\\\/datenschutzerklaerung\\\/\"]}]},{\"@type\":\"BreadcrumbList\",\"@id\":\"https:\\\/\\\/ecohemp.it\\\/de\\\/datenschutzerklaerung\\\/#breadcrumb\",\"itemListElement\":[{\"@type\":\"ListItem\",\"position\":1,\"name\":\"Home\",\"item\":\"https:\\\/\\\/ecohemp.it\\\/de\\\/\"},{\"@type\":\"ListItem\",\"position\":2,\"name\":\"Datenschutzerkl\u00e4rung\"}]},{\"@type\":\"WebSite\",\"@id\":\"https:\\\/\\\/ecohemp.it\\\/de\\\/#website\",\"url\":\"https:\\\/\\\/ecohemp.it\\\/de\\\/\",\"name\":\"ECOHEMP Made by nature\",\"description\":\"Da canapa monovariet&agrave; di produzione italiana\",\"publisher\":{\"@id\":\"https:\\\/\\\/ecohemp.it\\\/de\\\/#organization\"},\"potentialAction\":[{\"@type\":\"SearchAction\",\"target\":{\"@type\":\"EntryPoint\",\"urlTemplate\":\"https:\\\/\\\/ecohemp.it\\\/de\\\/?s={search_term_string}\"},\"query-input\":{\"@type\":\"PropertyValueSpecification\",\"valueRequired\":true,\"valueName\":\"search_term_string\"}}],\"inLanguage\":\"de\"},{\"@type\":\"Organization\",\"@id\":\"https:\\\/\\\/ecohemp.it\\\/de\\\/#organization\",\"name\":\"ECOHEMP srl\",\"url\":\"https:\\\/\\\/ecohemp.it\\\/de\\\/\",\"logo\":{\"@type\":\"ImageObject\",\"inLanguage\":\"de\",\"@id\":\"https:\\\/\\\/ecohemp.it\\\/de\\\/#\\\/schema\\\/logo\\\/image\\\/\",\"url\":\"https:\\\/\\\/ecohemp.it\\\/wp-content\\\/uploads\\\/2018\\\/09\\\/Eco-Hemp-logo.png\",\"contentUrl\":\"https:\\\/\\\/ecohemp.it\\\/wp-content\\\/uploads\\\/2018\\\/09\\\/Eco-Hemp-logo.png\",\"width\":203,\"height\":100,\"caption\":\"ECOHEMP srl\"},\"image\":{\"@id\":\"https:\\\/\\\/ecohemp.it\\\/de\\\/#\\\/schema\\\/logo\\\/image\\\/\"},\"sameAs\":[\"https:\\\/\\\/www.facebook.com\\\/Ecohempofficial\\\/\",\"https:\\\/\\\/www.instagram.com\\\/ecohemp\\\/\",\"https:\\\/\\\/www.linkedin.com\\\/company\\\/ecohemp-official\\\/\",\"https:\\\/\\\/www.youtube.com\\\/channel\\\/UC0d52IGdGSpZUuxRhewrDnw\"]}]}<\/script>\n<!-- \/ Yoast SEO plugin. -->","yoast_head_json":{"title":"Datenschutzerkl\u00e4rung | Olio di CBD biologico Tearhemp di Ecohemp","robots":{"index":"index","follow":"follow","max-snippet":"max-snippet:-1","max-image-preview":"max-image-preview:large","max-video-preview":"max-video-preview:-1"},"canonical":"https:\/\/ecohemp.it\/de\/datenschutzerklaerung\/","og_locale":"de_DE","og_type":"article","og_title":"Datenschutzerkl\u00e4rung | Olio di CBD biologico Tearhemp di Ecohemp","og_description":"Informationen und Antrag auf Zustimmung zur Verarbeitung personenbezogener Daten 1. Einleitung ECOHEMP S.r.l. (\u201eDer Eigent\u00fcmer\u201c) ist ein Unternehmen, das im Bereich fortschrittlicher digitaler L\u00f6sungen f\u00fcr den Smart Agri-Food-Sektor t\u00e4tig ist Diese Informationen sollen den Benutzer \u00fcber die Verfahren zur Verarbeitung der ihn betreffenden personenbezogenen Daten informieren ECOHEMP S.r.l., in \u00dcbereinstimmung mit dem Italienischen Gesetzesdekret. 196\/2003 [...]","og_url":"https:\/\/ecohemp.it\/de\/datenschutzerklaerung\/","og_site_name":"Olio di CBD biologico Tearhemp di Ecohemp","article_publisher":"https:\/\/www.facebook.com\/Ecohempofficial\/","article_modified_time":"2022-12-16T14:01:06+00:00","twitter_card":"summary_large_image","twitter_misc":{"Gesch\u00e4tzte Lesezeit":"8\u00a0Minuten"},"schema":{"@context":"https:\/\/schema.org","@graph":[{"@type":"WebPage","@id":"https:\/\/ecohemp.it\/de\/datenschutzerklaerung\/","url":"https:\/\/ecohemp.it\/de\/datenschutzerklaerung\/","name":"Datenschutzerkl\u00e4rung | Olio di CBD biologico Tearhemp di Ecohemp","isPartOf":{"@id":"https:\/\/ecohemp.it\/de\/#website"},"datePublished":"2018-09-20T17:43:38+00:00","dateModified":"2022-12-16T14:01:06+00:00","breadcrumb":{"@id":"https:\/\/ecohemp.it\/de\/datenschutzerklaerung\/#breadcrumb"},"inLanguage":"de","potentialAction":[{"@type":"ReadAction","target":["https:\/\/ecohemp.it\/de\/datenschutzerklaerung\/"]}]},{"@type":"BreadcrumbList","@id":"https:\/\/ecohemp.it\/de\/datenschutzerklaerung\/#breadcrumb","itemListElement":[{"@type":"ListItem","position":1,"name":"Home","item":"https:\/\/ecohemp.it\/de\/"},{"@type":"ListItem","position":2,"name":"Datenschutzerkl\u00e4rung"}]},{"@type":"WebSite","@id":"https:\/\/ecohemp.it\/de\/#website","url":"https:\/\/ecohemp.it\/de\/","name":"ECOHEMP Made by nature","description":"Da canapa monovariet&agrave; di produzione italiana","publisher":{"@id":"https:\/\/ecohemp.it\/de\/#organization"},"potentialAction":[{"@type":"SearchAction","target":{"@type":"EntryPoint","urlTemplate":"https:\/\/ecohemp.it\/de\/?s={search_term_string}"},"query-input":{"@type":"PropertyValueSpecification","valueRequired":true,"valueName":"search_term_string"}}],"inLanguage":"de"},{"@type":"Organization","@id":"https:\/\/ecohemp.it\/de\/#organization","name":"ECOHEMP srl","url":"https:\/\/ecohemp.it\/de\/","logo":{"@type":"ImageObject","inLanguage":"de","@id":"https:\/\/ecohemp.it\/de\/#\/schema\/logo\/image\/","url":"https:\/\/ecohemp.it\/wp-content\/uploads\/2018\/09\/Eco-Hemp-logo.png","contentUrl":"https:\/\/ecohemp.it\/wp-content\/uploads\/2018\/09\/Eco-Hemp-logo.png","width":203,"height":100,"caption":"ECOHEMP srl"},"image":{"@id":"https:\/\/ecohemp.it\/de\/#\/schema\/logo\/image\/"},"sameAs":["https:\/\/www.facebook.com\/Ecohempofficial\/","https:\/\/www.instagram.com\/ecohemp\/","https:\/\/www.linkedin.com\/company\/ecohemp-official\/","https:\/\/www.youtube.com\/channel\/UC0d52IGdGSpZUuxRhewrDnw"]}]}},"_links":{"self":[{"href":"https:\/\/ecohemp.it\/de\/wp-json\/wp\/v2\/pages\/10519","targetHints":{"allow":["GET"]}}],"collection":[{"href":"https:\/\/ecohemp.it\/de\/wp-json\/wp\/v2\/pages"}],"about":[{"href":"https:\/\/ecohemp.it\/de\/wp-json\/wp\/v2\/types\/page"}],"author":[{"embeddable":true,"href":"https:\/\/ecohemp.it\/de\/wp-json\/wp\/v2\/users\/2"}],"replies":[{"embeddable":true,"href":"https:\/\/ecohemp.it\/de\/wp-json\/wp\/v2\/comments?post=10519"}],"version-history":[{"count":2,"href":"https:\/\/ecohemp.it\/de\/wp-json\/wp\/v2\/pages\/10519\/revisions"}],"predecessor-version":[{"id":10521,"href":"https:\/\/ecohemp.it\/de\/wp-json\/wp\/v2\/pages\/10519\/revisions\/10521"}],"wp:attachment":[{"href":"https:\/\/ecohemp.it\/de\/wp-json\/wp\/v2\/media?parent=10519"}],"curies":[{"name":"wp","href":"https:\/\/api.w.org\/{rel}","templated":true}]}}