{"id":10505,"date":"2018-09-20T18:43:58","date_gmt":"2018-09-20T17:43:58","guid":{"rendered":"https:\/\/ecohemp.it\/cookie-richtlinie\/"},"modified":"2022-12-15T15:22:27","modified_gmt":"2022-12-15T14:22:27","slug":"cookie-richtlinie","status":"publish","type":"page","link":"https:\/\/ecohemp.it\/de\/cookie-richtlinie\/","title":{"rendered":"Cookie-Richtlinie"},"content":{"rendered":"<div class=\"container section-title-container\" ><h3 class=\"section-title section-title-bold-center\"><b aria-hidden=\"true\"><\/b><span class=\"section-title-main\" >Cookie-Richtlinie<\/span><b aria-hidden=\"true\"><\/b><\/h3><\/div>\n<h3><em>Was sind Cookies?<\/em><\/h3>\n<p>Cookies sind Informationspakete, die von einem Webserver (z. B. der Website) an den Internetbrowser des Benutzers gesendet, von diesem automatisch auf dem Computer gespeichert und bei jedem weiteren Zugriff auf die Website automatisch an den Server zur\u00fcckgesendet werden.<br \/>\nStandardm\u00e4\u00dfig sind fast alle Webbrowser so eingestellt, dass sie Cookies automatisch akzeptieren.<br \/>\nTypischerweise k\u00f6nnen Cookies installiert werden:<\/p>\n<ul>\n<li>direkt vom Eigent\u00fcmer und\/oder Verwalter der Website;<\/li>\n<li>von Verantwortlichen, die nichts mit der vom Benutzer besuchten Website zu tun haben, sofern nicht anders angegeben, beachten Sie bitte, dass diese Cookies in die direkte und ausschlie\u00dfliche Verantwortung desselben Managers fallen. Weitere Informationen zum Datenschutz und deren Nutzung finden Sie direkt auf den Webseiten der jeweiligen Betreiber.<\/li>\n<\/ul>\n<p>Diese Website kann, auch in Kombination miteinander, die folgenden Arten von Cookies verwenden, die gem\u00e4\u00df den Angaben des Datenschutzgaranten und den im europ\u00e4ischen Kontext von der Arbeitsgruppe gem\u00e4\u00df Art. 29 DSGVO:<\/p>\n<ul>\n<li><strong>Session,<\/strong>sind Cookies, die nicht dauerhaft auf dem Computer des Benutzers gespeichert und gel\u00f6scht werden, wenn der Browser geschlossen wird, sie sind streng auf die \u00dcbertragung von Sitzungskennungen beschr\u00e4nkt, die erforderlich sind, um eine sichere und effiziente Erkundung der Website zu erm\u00f6glichen, wobei m\u00f6glicherweise der Einsatz anderer IT-Techniken vermieden wird die Vertraulichkeit des Surfens der Benutzer beeintr\u00e4chtigen.<\/li>\n<li><strong>Dauerhaft<\/strong>, sind Cookies, die auf der Festplatte des Computers gespeichert bleiben, bis sie abgelaufen sind oder von Benutzern \/ Besuchern gel\u00f6scht werden. Durch dauerhafte Cookies werden Besucher, die auf die Website zugreifen (oder andere Benutzer, die denselben Computer verwenden), bei jedem Besuch automatisch erkannt. Besucher k\u00f6nnen den Computerbrowser so einstellen, dass er alle Cookies akzeptiert \/ ablehnt oder eine Warnung anzeigt, wenn ein Cookie vorgeschlagen wird, um zu beurteilen, ob er akzeptiert wird oder nicht Der Benutzer kann jedoch die Standardkonfiguration \u00e4ndern und Cookies deaktivieren (d. h. dauerhaft blockieren), indem er das h\u00f6chste Schutzniveau einstellt.<\/li>\n<li><strong>Techniker<\/strong>, werden die Cookies verwendet, um sich zu authentifizieren, Multimedia-Inhalte wie Flash-Player zu nutzen oder die Wahl der Navigationssprache zu erm\u00f6glichen. Allgemeinen ist es daher nicht erforderlich, die vorherige und informierte Zustimmung des Benutzers einzuholen. Diese Kategorie umfasst auch Cookies, die zur statistischen Analyse von Zugriffen \/ Besuchen auf der Website verwendet werden, nur wenn sie ausschlie\u00dflich f\u00fcr statistische Zwecke und durch die Sammlung von Informationen in aggregierter Form verwendet werden.<\/li>\n<li><strong>Nicht-technisch<\/strong>, sind Cookies, die f\u00fcr Profiling- und Marketingzwecke verwendet werden. Ihre Verwendung auf den Endger\u00e4ten der Nutzer ist untersagt, wenn diese zuvor nicht ausreichend informiert wurden und diesbez\u00fcglich keine g\u00fcltige Einwilligung nach dem Opt-In-Verfahren erteilt haben. Diese Arten von Cookies werden wiederum nach den Funktionen gruppiert, in denen sie ausgef\u00fchrt werden:\n<ul>\n<li><strong>Analytik.<\/strong> . sind die Cookies, die verwendet werden, um statistische Informationen \u00fcber Zugriffe \/ Besuche auf der Website zu sammeln und zu analysieren. n einigen F\u00e4llen k\u00f6nnen sie in Verbindung mit anderen Informationen wie den f\u00fcr den Zugriff auf eingeschr\u00e4nkte Bereiche eingegebenen Anmeldeinformationen (Ihre E-Mail-Adresse und Ihr Passwort) verwendet werden, um ein Profil des Benutzers zu erstellen (pers\u00f6nliche Gewohnheiten, besuchte Websites, heruntergeladene Inhalte, Arten der durchgef\u00fchrten Interaktionen). aus usw.).<\/li>\n<li><strong>Widgets,<\/strong> diese Kategorie umfasst all jene grafischen Komponenten einer Benutzeroberfl\u00e4che eines Programms, die darauf abzielen, dem Benutzer die Interaktion mit dem Programm selbst zu erleichtern. Beispielsweise sind Facebook-, Google+-, Twitter-Cookies Widgets.<\/li>\n<li><strong>Werbung<\/strong>, diese Kategorie umfasst Cookies, die zur Werbung auf einer Website verwendet werden. Google, Tradedoubler geh\u00f6ren zu dieser Kategorie.<\/li>\n<li><strong>Web-Beacons<\/strong>, diese Kategorie umfasst Codeschnipsel, die es einer Website erm\u00f6glichen, Informationen zu \u00fcbertragen oder zu sammeln, indem sie ein grafisches Bild anfordern. Websites kann man f\u00fcr verschiedene Zwecke verwenden, wie z. B. die Analyse der Nutzung von Websites, Kontrollaktivit\u00e4ten und Berichterstattung \u00fcber Werbung und die Personalisierung von Werbung und Inhalten.<\/li>\n<\/ul>\n<\/li>\n<\/ul>\n<p><em>Die Cookies auf den Seiten www.ecohemp.it<\/em> sind technische Cookies, <em><u>f\u00fcr die keine Zustimmung erforderlich ist<\/u><\/em><\/p>\n<p>ECOHEMP S.r.l. installer\u00e0 sul suo dispositivo e, in particolare, nel suo browser o lascer\u00e0 installare a terzi alcuni cookie che ci sono necessari per acquisire o far acquisire a nostri partner informazioni statistiche in forma anonima e aggregata relative alla sua navigazione sulle pagine dei nostri siti.<\/p>\n<p>Dies sind insbesondere Cookies in Bezug auf die folgenden statistischen Analysedienste:<\/p>\n<ul>\n<li><strong>Google Analytics<\/strong><br \/>\n<a href=\"https:\/\/support.google.com\/analytics\/answer\/2763052?hl=it\" target=\"_blank\" rel=\"noopener\">https:\/\/support.google.com\/analytics\/answer\/2763052?hl=it<\/a><\/li>\n<\/ul>\n<h3><em>Cookies, f\u00fcr die eine Einwilligung erforderlich ist<\/em><\/h3>\n<p><strong>Google Analytics<\/strong><br \/>\nUnsere Seite hat die Werbefunktionen von Google Analytics aktiviert, die implementierten Werbefunktionen sind: Berichte zu demografischen Daten und zu Interessen von Google Analytics.<br \/>\nDie Aktivierung dieser Werbefunktionen erm\u00f6glicht es Google Analytics, Verkehrsdaten \u00fcber Google-Werbe-Cookies und anonyme Kennungen zu sammeln, zus\u00e4tzlich zu den Daten, die durch eine Standardimplementierung von Google Analytics gesammelt werden Die Websites der GEDI-Gruppe erheben und verwenden Daten aus interessenbezogener Werbung von Google oder Zielgruppendaten von Drittanbietern (z. B. Alter, Geschlecht und Interessen) von Google Analytics und den Google Analytics-Funktionen, die auf der Grundlage von Display-Werbung implementiert sind (z. B. Remarketing, demografische und demografische Daten von Google Analytics). Interessenberichte) nur f\u00fcr statistische und Publikumsanalysezwecke. Die Daten werden anonym mit propriet\u00e4rer oder Drittanbieter-Software (z. B. Google Analytics) gesammelt und aggregiert. Unsere Websites und Drittanbieter, einschlie\u00dflich Google, verwenden sowohl propriet\u00e4re Cookies (wie das Google Analytics-Cookie) als auch Cookies von Drittanbietern.<\/p>\n<p>Sie k\u00f6nnen Google Analytics f\u00fcr Display-Werbung deaktivieren und Anzeigen im Google Display-Netzwerk auf folgende Weise anpassen: &#8211; Verwendung der Anzeigeneinstellungen:<a href=\"https:\/\/www.google.it\/settings\/ads\" target=\"_blank\" rel=\"noopener\">https:\/\/www.google.it\/settings\/ads<\/a> &#8211; \u00dcber die derzeit verf\u00fcgbaren Komponenten zur Deaktivierung von Google Analytics f\u00fcr das Web: <a href=\"https:\/\/tools.google.com\/dlpage\/gaoptout\/\" target=\"_blank\" rel=\"noopener\">https:\/\/tools.google.com\/dlpage\/gaoptout\/<\/a><\/p>\n<p>F\u00fcr weitere Informationen und Unterst\u00fctzung k\u00f6nnen Sie auch die spezifische Hilfeseite des von Ihnen verwendeten Webbrowsers besuchen:<\/p>\n<ul>\n<li><a href=\"http:\/\/windows.microsoft.com\/en-us\/windows-vista\/block-or-allow-cookies\" target=\"_blank\" rel=\"noopener\">Internet Explorer<\/a><\/li>\n<li><a href=\"https:\/\/support.mozilla.org\/en-us\/kb\/enable-and-disable-cookies-website-preferences?redirectlocale=en-us&amp;redirectslug=enabling+and+disabling+cookies\" target=\"_blank\" rel=\"noopener\">Firefox<\/a><\/li>\n<li><a href=\"http:\/\/www.apple.com\/legal\/privacy\/it\/\" target=\"_blank\" rel=\"noopener\">Safari<\/a><\/li>\n<li><a href=\"https:\/\/support.google.com\/accounts\/answer\/61416?hl=it\" target=\"_blank\" rel=\"noopener\">Chrome<\/a><\/li>\n<li><a href=\"http:\/\/www.opera.com\/help\/tutorials\/security\/cookies\/\" target=\"_blank\" rel=\"noopener\">Opera<\/a><\/li>\n<\/ul>\n","protected":false},"excerpt":{"rendered":"<p>Was sind Cookies? Cookies sind Informationspakete, die von einem Webserver (z. B. der Website) an den Internetbrowser des Benutzers gesendet, von diesem automatisch auf dem Computer gespeichert und bei jedem weiteren Zugriff auf die Website automatisch an den Server zur\u00fcckgesendet werden. Standardm\u00e4\u00dfig sind fast alle Webbrowser so eingestellt, dass sie Cookies automatisch akzeptieren. Typischerweise k\u00f6nnen [&#8230;]\n","protected":false},"author":2,"featured_media":0,"parent":0,"menu_order":0,"comment_status":"closed","ping_status":"closed","template":"","meta":{"footnotes":""},"class_list":["post-10505","page","type-page","status-publish","hentry"],"yoast_head":"<!-- This site is optimized with the Yoast SEO plugin v27.4 - https:\/\/yoast.com\/product\/yoast-seo-wordpress\/ -->\n<title>Cookie-Richtlinie | Olio di CBD biologico Tearhemp di Ecohemp<\/title>\n<meta name=\"robots\" content=\"index, follow, max-snippet:-1, max-image-preview:large, max-video-preview:-1\" \/>\n<link rel=\"canonical\" href=\"https:\/\/ecohemp.it\/de\/cookie-richtlinie\/\" \/>\n<meta property=\"og:locale\" content=\"de_DE\" \/>\n<meta property=\"og:type\" content=\"article\" \/>\n<meta property=\"og:title\" content=\"Cookie-Richtlinie | Olio di CBD biologico Tearhemp di Ecohemp\" \/>\n<meta property=\"og:description\" content=\"Was sind Cookies? Cookies sind Informationspakete, die von einem Webserver (z. B. der Website) an den Internetbrowser des Benutzers gesendet, von diesem automatisch auf dem Computer gespeichert und bei jedem weiteren Zugriff auf die Website automatisch an den Server zur\u00fcckgesendet werden. Standardm\u00e4\u00dfig sind fast alle Webbrowser so eingestellt, dass sie Cookies automatisch akzeptieren. Typischerweise k\u00f6nnen [...]\" \/>\n<meta property=\"og:url\" content=\"https:\/\/ecohemp.it\/de\/cookie-richtlinie\/\" \/>\n<meta property=\"og:site_name\" content=\"Olio di CBD biologico Tearhemp di Ecohemp\" \/>\n<meta property=\"article:publisher\" content=\"https:\/\/www.facebook.com\/Ecohempofficial\/\" \/>\n<meta property=\"article:modified_time\" content=\"2022-12-15T14:22:27+00:00\" \/>\n<meta name=\"twitter:card\" content=\"summary_large_image\" \/>\n<meta name=\"twitter:label1\" content=\"Gesch\u00e4tzte Lesezeit\" \/>\n\t<meta name=\"twitter:data1\" content=\"5\u00a0Minuten\" \/>\n<script type=\"application\/ld+json\" class=\"yoast-schema-graph\">{\"@context\":\"https:\\\/\\\/schema.org\",\"@graph\":[{\"@type\":\"WebPage\",\"@id\":\"https:\\\/\\\/ecohemp.it\\\/de\\\/cookie-richtlinie\\\/\",\"url\":\"https:\\\/\\\/ecohemp.it\\\/de\\\/cookie-richtlinie\\\/\",\"name\":\"Cookie-Richtlinie | Olio di CBD biologico Tearhemp di Ecohemp\",\"isPartOf\":{\"@id\":\"https:\\\/\\\/ecohemp.it\\\/de\\\/#website\"},\"datePublished\":\"2018-09-20T17:43:58+00:00\",\"dateModified\":\"2022-12-15T14:22:27+00:00\",\"breadcrumb\":{\"@id\":\"https:\\\/\\\/ecohemp.it\\\/de\\\/cookie-richtlinie\\\/#breadcrumb\"},\"inLanguage\":\"de\",\"potentialAction\":[{\"@type\":\"ReadAction\",\"target\":[\"https:\\\/\\\/ecohemp.it\\\/de\\\/cookie-richtlinie\\\/\"]}]},{\"@type\":\"BreadcrumbList\",\"@id\":\"https:\\\/\\\/ecohemp.it\\\/de\\\/cookie-richtlinie\\\/#breadcrumb\",\"itemListElement\":[{\"@type\":\"ListItem\",\"position\":1,\"name\":\"Home\",\"item\":\"https:\\\/\\\/ecohemp.it\\\/de\\\/\"},{\"@type\":\"ListItem\",\"position\":2,\"name\":\"Cookie-Richtlinie\"}]},{\"@type\":\"WebSite\",\"@id\":\"https:\\\/\\\/ecohemp.it\\\/de\\\/#website\",\"url\":\"https:\\\/\\\/ecohemp.it\\\/de\\\/\",\"name\":\"ECOHEMP Made by nature\",\"description\":\"Da canapa monovariet&agrave; di produzione italiana\",\"publisher\":{\"@id\":\"https:\\\/\\\/ecohemp.it\\\/de\\\/#organization\"},\"potentialAction\":[{\"@type\":\"SearchAction\",\"target\":{\"@type\":\"EntryPoint\",\"urlTemplate\":\"https:\\\/\\\/ecohemp.it\\\/de\\\/?s={search_term_string}\"},\"query-input\":{\"@type\":\"PropertyValueSpecification\",\"valueRequired\":true,\"valueName\":\"search_term_string\"}}],\"inLanguage\":\"de\"},{\"@type\":\"Organization\",\"@id\":\"https:\\\/\\\/ecohemp.it\\\/de\\\/#organization\",\"name\":\"ECOHEMP srl\",\"url\":\"https:\\\/\\\/ecohemp.it\\\/de\\\/\",\"logo\":{\"@type\":\"ImageObject\",\"inLanguage\":\"de\",\"@id\":\"https:\\\/\\\/ecohemp.it\\\/de\\\/#\\\/schema\\\/logo\\\/image\\\/\",\"url\":\"https:\\\/\\\/ecohemp.it\\\/wp-content\\\/uploads\\\/2018\\\/09\\\/Eco-Hemp-logo.png\",\"contentUrl\":\"https:\\\/\\\/ecohemp.it\\\/wp-content\\\/uploads\\\/2018\\\/09\\\/Eco-Hemp-logo.png\",\"width\":203,\"height\":100,\"caption\":\"ECOHEMP srl\"},\"image\":{\"@id\":\"https:\\\/\\\/ecohemp.it\\\/de\\\/#\\\/schema\\\/logo\\\/image\\\/\"},\"sameAs\":[\"https:\\\/\\\/www.facebook.com\\\/Ecohempofficial\\\/\",\"https:\\\/\\\/www.instagram.com\\\/ecohemp\\\/\",\"https:\\\/\\\/www.linkedin.com\\\/company\\\/ecohemp-official\\\/\",\"https:\\\/\\\/www.youtube.com\\\/channel\\\/UC0d52IGdGSpZUuxRhewrDnw\"]}]}<\/script>\n<!-- \/ Yoast SEO plugin. -->","yoast_head_json":{"title":"Cookie-Richtlinie | Olio di CBD biologico Tearhemp di Ecohemp","robots":{"index":"index","follow":"follow","max-snippet":"max-snippet:-1","max-image-preview":"max-image-preview:large","max-video-preview":"max-video-preview:-1"},"canonical":"https:\/\/ecohemp.it\/de\/cookie-richtlinie\/","og_locale":"de_DE","og_type":"article","og_title":"Cookie-Richtlinie | Olio di CBD biologico Tearhemp di Ecohemp","og_description":"Was sind Cookies? Cookies sind Informationspakete, die von einem Webserver (z. B. der Website) an den Internetbrowser des Benutzers gesendet, von diesem automatisch auf dem Computer gespeichert und bei jedem weiteren Zugriff auf die Website automatisch an den Server zur\u00fcckgesendet werden. Standardm\u00e4\u00dfig sind fast alle Webbrowser so eingestellt, dass sie Cookies automatisch akzeptieren. Typischerweise k\u00f6nnen [...]","og_url":"https:\/\/ecohemp.it\/de\/cookie-richtlinie\/","og_site_name":"Olio di CBD biologico Tearhemp di Ecohemp","article_publisher":"https:\/\/www.facebook.com\/Ecohempofficial\/","article_modified_time":"2022-12-15T14:22:27+00:00","twitter_card":"summary_large_image","twitter_misc":{"Gesch\u00e4tzte Lesezeit":"5\u00a0Minuten"},"schema":{"@context":"https:\/\/schema.org","@graph":[{"@type":"WebPage","@id":"https:\/\/ecohemp.it\/de\/cookie-richtlinie\/","url":"https:\/\/ecohemp.it\/de\/cookie-richtlinie\/","name":"Cookie-Richtlinie | Olio di CBD biologico Tearhemp di Ecohemp","isPartOf":{"@id":"https:\/\/ecohemp.it\/de\/#website"},"datePublished":"2018-09-20T17:43:58+00:00","dateModified":"2022-12-15T14:22:27+00:00","breadcrumb":{"@id":"https:\/\/ecohemp.it\/de\/cookie-richtlinie\/#breadcrumb"},"inLanguage":"de","potentialAction":[{"@type":"ReadAction","target":["https:\/\/ecohemp.it\/de\/cookie-richtlinie\/"]}]},{"@type":"BreadcrumbList","@id":"https:\/\/ecohemp.it\/de\/cookie-richtlinie\/#breadcrumb","itemListElement":[{"@type":"ListItem","position":1,"name":"Home","item":"https:\/\/ecohemp.it\/de\/"},{"@type":"ListItem","position":2,"name":"Cookie-Richtlinie"}]},{"@type":"WebSite","@id":"https:\/\/ecohemp.it\/de\/#website","url":"https:\/\/ecohemp.it\/de\/","name":"ECOHEMP Made by nature","description":"Da canapa monovariet&agrave; di produzione italiana","publisher":{"@id":"https:\/\/ecohemp.it\/de\/#organization"},"potentialAction":[{"@type":"SearchAction","target":{"@type":"EntryPoint","urlTemplate":"https:\/\/ecohemp.it\/de\/?s={search_term_string}"},"query-input":{"@type":"PropertyValueSpecification","valueRequired":true,"valueName":"search_term_string"}}],"inLanguage":"de"},{"@type":"Organization","@id":"https:\/\/ecohemp.it\/de\/#organization","name":"ECOHEMP srl","url":"https:\/\/ecohemp.it\/de\/","logo":{"@type":"ImageObject","inLanguage":"de","@id":"https:\/\/ecohemp.it\/de\/#\/schema\/logo\/image\/","url":"https:\/\/ecohemp.it\/wp-content\/uploads\/2018\/09\/Eco-Hemp-logo.png","contentUrl":"https:\/\/ecohemp.it\/wp-content\/uploads\/2018\/09\/Eco-Hemp-logo.png","width":203,"height":100,"caption":"ECOHEMP srl"},"image":{"@id":"https:\/\/ecohemp.it\/de\/#\/schema\/logo\/image\/"},"sameAs":["https:\/\/www.facebook.com\/Ecohempofficial\/","https:\/\/www.instagram.com\/ecohemp\/","https:\/\/www.linkedin.com\/company\/ecohemp-official\/","https:\/\/www.youtube.com\/channel\/UC0d52IGdGSpZUuxRhewrDnw"]}]}},"_links":{"self":[{"href":"https:\/\/ecohemp.it\/de\/wp-json\/wp\/v2\/pages\/10505","targetHints":{"allow":["GET"]}}],"collection":[{"href":"https:\/\/ecohemp.it\/de\/wp-json\/wp\/v2\/pages"}],"about":[{"href":"https:\/\/ecohemp.it\/de\/wp-json\/wp\/v2\/types\/page"}],"author":[{"embeddable":true,"href":"https:\/\/ecohemp.it\/de\/wp-json\/wp\/v2\/users\/2"}],"replies":[{"embeddable":true,"href":"https:\/\/ecohemp.it\/de\/wp-json\/wp\/v2\/comments?post=10505"}],"version-history":[{"count":2,"href":"https:\/\/ecohemp.it\/de\/wp-json\/wp\/v2\/pages\/10505\/revisions"}],"predecessor-version":[{"id":10507,"href":"https:\/\/ecohemp.it\/de\/wp-json\/wp\/v2\/pages\/10505\/revisions\/10507"}],"wp:attachment":[{"href":"https:\/\/ecohemp.it\/de\/wp-json\/wp\/v2\/media?parent=10505"}],"curies":[{"name":"wp","href":"https:\/\/api.w.org\/{rel}","templated":true}]}}